{"id":3614,"date":"2024-05-04T21:48:59","date_gmt":"2024-05-04T21:48:59","guid":{"rendered":"https:\/\/conmedicgroupe.com\/v1\/?post_type=product&#038;p=3614"},"modified":"2025-03-27T10:47:04","modified_gmt":"2025-03-27T10:47:04","slug":"sterile-c-section-kit","status":"publish","type":"product","link":"https:\/\/conmedicgroupe.com\/v1\/product\/sterile-c-section-kit\/","title":{"rendered":"Sterile C-Section Kit"},"content":{"rendered":"<div style=\"max-width: 1200px; margin: 0 auto; background-color: #fff; padding: 20px; border-radius: 8px; box-shadow: 0 0 10px rgba(0, 0, 0, 0.1);\">\n<p>    <!-- Description and Technical Characteristics --><\/p>\n<div style=\"display: flex; flex-wrap: wrap; gap: 20px; margin-bottom: 20px;\">\n<div style=\"flex: 1; background-color: #e0f7fa; padding: 20px; border-radius: 8px;\">\n<h2 style=\"font-size: 20px; color: #2c3e50; margin-bottom: 10px;\">Description<\/h2>\n<p style=\"font-size: 16px; color: #666; line-height: 1.6;\">Le kit de c\u00e9sarienne st\u00e9rile est un ensemble de mat\u00e9riel m\u00e9dical sp\u00e9cialement con\u00e7u pour assister les professionnels de sant\u00e9 lors d\u2019une c\u00e9sarienne, une intervention chirurgicale pratiqu\u00e9e pour d\u00e9livrer un b\u00e9b\u00e9 par une incision dans l\u2019abdomen et l\u2019ut\u00e9rus de la m\u00e8re. Ce kit permet de garantir que la proc\u00e9dure soit effectu\u00e9e dans des conditions de st\u00e9rilit\u00e9 optimales pour r\u00e9duire le risque d\u2019infections et assurer la s\u00e9curit\u00e9 de la m\u00e8re et de l\u2019enfant.<\/p>\n<\/p><\/div>\n<div style=\"flex: 1; background-color: #fff; padding: 20px; border-radius: 8px;\">\n<h2 style=\"font-size: 20px; color: #2c3e50; margin-bottom: 10px;\">Caract\u00e9ristiques techniques<\/h2>\n<ul style=\"list-style-type: none; padding: 0; margin: 0;\">\n<li><strong>Type :<\/strong> Dispositif m\u00e9dical st\u00e9rile \u00e0 usage unique<\/li>\n<li><strong>Classification :<\/strong> Classe IIb<\/li>\n<li><strong>Dur\u00e9e de validit\u00e9 :<\/strong> 5 ans<\/li>\n<li><strong>Sans latex :<\/strong> Convient aux personnes allergiques au latex<\/li>\n<li><strong>Conditionnement :<\/strong> 10 Set par Carton \u2013 20 Set par Carton \u2013 50 Set par Carton<\/li>\n<\/ul><\/div>\n<\/p><\/div>\n<p>    <!-- Reference Section --><\/p>\n<h2 style=\"font-size: 20px; color: #2c3e50;\">R\u00e9f\u00e9rence<\/h2>\n<ul>\n<li>PFM-SCESRK1104<\/li>\n<\/ul>\n<p>    <!-- Product Details --><\/p>\n<h2 style=\"font-size: 20px; color: #2c3e50;\">D\u00e9tails des Produits<\/h2>\n<table style=\"width: 100%; border-collapse: collapse; margin-bottom: 20px;\">\n<tr>\n<th style=\"border: 1px solid #ddd; padding: 8px; background-color: #f2f2f2;\">PRODUITS<\/th>\n<th style=\"border: 1px solid #ddd; padding: 8px; background-color: #f2f2f2;\">DONN\u00c9ES<\/th>\n<\/tr>\n<tr>\n<td>Feuille de st\u00e9rilisation<\/td>\n<td>&#8211;<\/td>\n<\/tr>\n<tr>\n<td>Champs de table<\/td>\n<td>150*190 cm<\/td>\n<\/tr>\n<tr>\n<td>Serviette absorbante<\/td>\n<td>&#8211;<\/td>\n<\/tr>\n<tr>\n<td>Casque st\u00e9rile renforc\u00e9 XL<\/td>\n<td>XL<\/td>\n<\/tr>\n<tr>\n<td>\u00c9ponges pour badigeonner<\/td>\n<td>&#8211;<\/td>\n<\/tr>\n<tr>\n<td>Couple<\/td>\n<td>250 CC<\/td>\n<\/tr>\n<tr>\n<td>Couple<\/td>\n<td>500 CC<\/td>\n<\/tr>\n<tr>\n<td>Compresses radio d\u00e9tectables<\/td>\n<td>16 plis, 10*10 cm<\/td>\n<\/tr>\n<tr>\n<td>Clamps ombilicaux<\/td>\n<td>&#8211;<\/td>\n<\/tr>\n<tr>\n<td>Lame de bistouri avec manche<\/td>\n<td>N\u00b023<\/td>\n<\/tr>\n<tr>\n<td>Poire d\u2019aspiration<\/td>\n<td>&#8211;<\/td>\n<\/tr>\n<tr>\n<td>Bistouri \u00e9lectrique<\/td>\n<td>Emballage individuel st\u00e9rile<\/td>\n<\/tr>\n<\/table>\n<p>    <!-- Usage, Storage, Precautions, and Transport Section --><\/p>\n<h2 style=\"font-size: 20px; color: #2c3e50;\">M\u00e9thode d\u2019utilisation<\/h2>\n<ul>\n<li>Lavez soigneusement les mains avant ouverture.<\/li>\n<li>Ouvrez l\u2019emballage st\u00e9rilis\u00e9 proprement.<\/li>\n<li>Disposez les articles sur un champ st\u00e9rile.<\/li>\n<li>V\u00e9rifiez tous les \u00e9l\u00e9ments du kit avant utilisation.<\/li>\n<\/ul>\n<h2 style=\"font-size: 20px; color: #2c3e50;\">Conditions de conservation<\/h2>\n<p>\u00c0 stocker dans un endroit sec, propre, bien ventil\u00e9, \u00e0 l\u2019abri des mat\u00e9riaux corrosifs et sources de chaleur.<\/p>\n<h2 style=\"font-size: 20px; color: #2c3e50;\">Pr\u00e9cautions d\u2019emploi<\/h2>\n<ul>\n<li>Le kit ne doit \u00eatre ouvert qu\u2019imm\u00e9diatement avant l\u2019intervention.<\/li>\n<li>Avant ouverture, v\u00e9rifier que le kit est bien scell\u00e9.<\/li>\n<li>Assurez-vous que l\u2019emballage est intact.<\/li>\n<\/ul>\n<h2 style=\"font-size: 20px; color: #2c3e50;\">Conditions de transport<\/h2>\n<p>A manipuler avec soin pendant le transport et la manutention.<\/p>\n<p>    <!-- Download Button --><\/p>\n<div style=\"text-align: center;\">\n        <a style=\"background-color: #000c3d; color: #fff; padding: 10px 20px; border-radius: 5px; text-decoration: none; font-size: 16px; display: inline-block;\" href=\"https:\/\/conmedicgroupe.com\/v1\/wp-content\/uploads\/2025\/03\/KIT-DE-CESARIENNE-STERILE.pdf\" download><br \/>\n            T\u00e9l\u00e9charger la fiche technique<br \/>\n        <\/a>\n    <\/div>\n<\/div>\n","protected":false},"excerpt":{"rendered":"<p><span style=\"color: #000080;\"><strong>Ensure a Smooth Delivery: Sterile C-Section Kit<\/strong><\/span><\/p>\n<p>The Sterile C-Section Kit empowers healthcare professionals to deliver exceptional care during cesarean deliveries. This comprehensive kit includes all the essential, single-use instruments and drapes needed for a safe and efficient surgical procedure.<\/p>\n","protected":false},"featured_media":7095,"comment_status":"open","ping_status":"closed","template":"","meta":[],"product_cat":[52],"product_tag":[],"class_list":{"0":"post-3614","1":"product","2":"type-product","3":"status-publish","4":"has-post-thumbnail","6":"product_cat-gynecology","8":"first","9":"instock","10":"shipping-taxable","11":"product-type-simple"},"_links":{"self":[{"href":"https:\/\/conmedicgroupe.com\/v1\/wp-json\/wp\/v2\/product\/3614","targetHints":{"allow":["GET"]}}],"collection":[{"href":"https:\/\/conmedicgroupe.com\/v1\/wp-json\/wp\/v2\/product"}],"about":[{"href":"https:\/\/conmedicgroupe.com\/v1\/wp-json\/wp\/v2\/types\/product"}],"replies":[{"embeddable":true,"href":"https:\/\/conmedicgroupe.com\/v1\/wp-json\/wp\/v2\/comments?post=3614"}],"wp:featuredmedia":[{"embeddable":true,"href":"https:\/\/conmedicgroupe.com\/v1\/wp-json\/wp\/v2\/media\/7095"}],"wp:attachment":[{"href":"https:\/\/conmedicgroupe.com\/v1\/wp-json\/wp\/v2\/media?parent=3614"}],"wp:term":[{"taxonomy":"product_cat","embeddable":true,"href":"https:\/\/conmedicgroupe.com\/v1\/wp-json\/wp\/v2\/product_cat?post=3614"},{"taxonomy":"product_tag","embeddable":true,"href":"https:\/\/conmedicgroupe.com\/v1\/wp-json\/wp\/v2\/product_tag?post=3614"}],"curies":[{"name":"wp","href":"https:\/\/api.w.org\/{rel}","templated":true}]}}