{"id":7124,"date":"2025-05-20T09:33:57","date_gmt":"2025-05-20T09:33:57","guid":{"rendered":"https:\/\/conmedicgroupe.com\/v1\/?post_type=product&#038;p=7124"},"modified":"2025-05-20T09:45:21","modified_gmt":"2025-05-20T09:45:21","slug":"surgical-mask","status":"publish","type":"product","link":"https:\/\/conmedicgroupe.com\/v1\/product\/surgical-mask\/","title":{"rendered":"&#8211; Surgical mask"},"content":{"rendered":"<section class=\"surgical-mask-info\" style=\"font-family: Arial, sans-serif; padding: 20px; background-color: #f9f9f9;\">\n<div class=\"container\" style=\"max-width: 1200px; margin: auto;\">\n<h2 style=\"color: #005c73;\">Masque Chirurgical<\/h2>\n<div class=\"description-tech\" style=\"display: flex; flex-wrap: wrap; gap: 30px;\">\n<div class=\"description\" style=\"flex: 1; min-width: 300px;\">\n<h3>Description<\/h3>\n<p>Dispositif m\u00e9dical \u00e0 usage unique essentiel pour assurer un niveau d\u2019hygi\u00e8ne et une protection respiratoire optimal et ad\u00e9quat. Tissu non tiss\u00e9 en polypropyl\u00e8ne (PP) dot\u00e9 d&#8217;une structure multicouche douce, absorbante et filtrante. Pr\u00e9vention des gouttelettes et des agents pathog\u00e8nes dans des environnements m\u00e9dicaux ou chirurgicaux, et dans tous les domaines impliqu\u00e9s.<\/p>\n<p><strong>R\u00e9f\u00e9rences :<\/strong> PFMACH01, PFMACH02<\/p>\n<\/p><\/div>\n<div class=\"caracteristiques\" style=\"flex: 1; min-width: 300px;\">\n<h3>Caract\u00e9ristiques techniques<\/h3>\n<ul>\n<li><strong>Mat\u00e9riel :<\/strong> Polypropyl\u00e8ne<\/li>\n<li><strong>Couleurs :<\/strong> Blanc &#8211; Bleu &#8211; Rose &#8211; Noir &#8211; Vert<\/li>\n<li><strong>Taille :<\/strong> Unique<\/li>\n<li><strong>Efficacit\u00e9 de filtration bact\u00e9rienne :<\/strong> EFB \u2265 98 %<\/li>\n<li><strong>Dimensions :<\/strong>\n<ul>\n<li>Longueur : 175 mm \u00b1 5 mm<\/li>\n<li>Largeur : 95 mm \u00b1 5 mm<\/li>\n<li>Barrette nasale : 140 mm \u00b1 3 mm<\/li>\n<\/ul>\n<\/li>\n<li><strong>Conditionnement :<\/strong> Boite de 50 masques<\/li>\n<li><strong>Conformit\u00e9 :<\/strong> EN 14683<\/li>\n<\/ul><\/div>\n<\/p><\/div>\n<hr style=\"margin: 40px 0;\">\n<div class=\"precautions-usage\" style=\"display: flex; flex-wrap: wrap; gap: 30px;\">\n<div class=\"precautions\" style=\"flex: 1; min-width: 300px;\">\n<h3>Pr\u00e9cautions<\/h3>\n<ul>\n<li>Avant l\u2019utilisation, v\u00e9rifier que le masque n&#8217;est pas d\u00e9chir\u00e9<\/li>\n<li>Remplacez le masque en cas de souillure ou d\u2019humidit\u00e9 excessive<\/li>\n<li>Usage unique, ne pas r\u00e9utiliser<\/li>\n<\/ul>\n<h3>Domaines d\u2019utilisation<\/h3>\n<p>Industrie, Chimie, P\u00e9trochimie, Agroalimentaire, RHF, CHR, Collectivit\u00e9, Administration, Sant\u00e9, M\u00e9dical, Chirurgie, Hygi\u00e8ne, Entretien, Nettoyage, Salle propre, Laboratoire, Pharma, Recherche<\/p>\n<h3>Conditions de conservation<\/h3>\n<p>\u00c0 stocker dans un endroit sec et propre, \u00e0 l\u2019abri de la lumi\u00e8re directe du soleil.<\/p>\n<\/p><\/div>\n<div class=\"utilisation\" style=\"flex: 1; min-width: 300px;\">\n<h3>Indications d&#8217;utilisation<\/h3>\n<ul>\n<li>Se laver les mains \u00e0 l\u2019eau et au savon ou avec une solution hydro-alcoolique<\/li>\n<li>S\u2019assurer que le masque ait bien \u00e9t\u00e9 lav\u00e9 suite \u00e0 une pr\u00e9c\u00e9dente utilisation<\/li>\n<li>Rep\u00e9rer la barrette semi-rigide qui doit \u00eatre plac\u00e9e vers le haut<\/li>\n<li>Tenir le masque par les \u00e9lastiques<\/li>\n<li>Passer les \u00e9lastiques sans les croiser<\/li>\n<li>Ajuster sous le menton et autour du nez<\/li>\n<li>V\u00e9rifier l\u2019absence de jet d\u2019air dans les yeux lors d\u2019une expiration forte<\/li>\n<\/ul><\/div>\n<\/p><\/div>\n<p style=\"margin-top: 40px;\"><strong>Certificat d&#8217;enregistrement N\u00b0 :<\/strong> 485\/DMP\/PS\/DMP\/18<\/p>\n<div style=\"text-align: center; margin-top: 40px;\">\n      <a href=\"https:\/\/conmedicgroupe.com\/v1\/wp-content\/uploads\/2025\/05\/Masque-chirurgical.pdf\" download class=\"download-btn\" style=\"padding: 12px 24px; background-color: #005c73; color: white; border-radius: 6px; text-decoration: none; font-weight: bold;\">\ud83d\udcc4 T\u00e9l\u00e9charger la fiche technique<\/a>\n    <\/div>\n<\/p><\/div>\n<\/section>\n<style>\n  @media (max-width: 768px) {\n    .description-tech, .precautions-usage {\n      flex-direction: column;\n    }\n  }\n<\/style>\n","protected":false},"excerpt":{"rendered":"<h2>Surgical mask<\/h2>\n<p><strong><span class=\"_fadeIn_m1hgl_8\">Single-<\/span><span class=\"_fadeIn_m1hgl_8\">use <\/span><span class=\"_fadeIn_m1hgl_8\">surgical <\/span><span class=\"_fadeIn_m1hgl_8\">mask <\/span><span class=\"_fadeIn_m1hgl_8\">designed <\/span><span class=\"_fadeIn_m1hgl_8\">to <\/span><span class=\"_fadeIn_m1hgl_8\">provide <\/span><span class=\"_fadeIn_m1hgl_8\">optimal <\/span><span class=\"_fadeIn_m1hgl_8\">respiratory <\/span><span class=\"_fadeIn_m1hgl_8\">protection <\/span><span class=\"_fadeIn_m1hgl_8\">with \u2265<\/span><span class=\"_fadeIn_m1hgl_8\">98% <\/span><span class=\"_fadeIn_m1hgl_8\">bacterial <\/span><span class=\"_fadeIn_m1hgl_8\">filtration <\/span><span class=\"_fadeIn_m1hgl_8\">efficiency. <\/span><span class=\"_fadeIn_m1hgl_8\">Made <\/span><span class=\"_fadeIn_m1hgl_8\">of <\/span><span class=\"_fadeIn_m1hgl_8\">soft, <\/span><span class=\"_fadeIn_m1hgl_8\">non-<\/span><span class=\"_fadeIn_m1hgl_8\">woven <\/span><span class=\"_fadeIn_m1hgl_8\">polypropylene. <\/span><span class=\"_fadeIn_m1hgl_8\">Comfortable, <\/span><span class=\"_fadeIn_m1hgl_8\">breathable, <\/span><span class=\"_fadeIn_m1hgl_8\">and <\/span><span class=\"_fadeIn_m1hgl_8\">compliant <\/span><span class=\"_fadeIn_m1hgl_8\">with <\/span><span class=\"_fadeIn_m1hgl_8\">EN <\/span><span class=\"_fadeIn_m1hgl_8\">14683 <\/span><span class=\"_fadeIn_m1hgl_8\">standards. <\/span><span class=\"_fadeIn_m1hgl_8\">Ideal <\/span><span class=\"_fadeIn_m1hgl_8\">for <\/span><span class=\"_fadeIn_m1hgl_8\">medical, <\/span><span class=\"_fadeIn_m1hgl_8\">industrial, <\/span><span class=\"_fadeIn_m1hgl_8\">and <\/span><span class=\"_fadeIn_m1hgl_8\">public <\/span><span class=\"_fadeIn_m1hgl_8\">environments.<\/span><\/strong><\/p>\n","protected":false},"featured_media":7127,"comment_status":"open","ping_status":"closed","template":"","meta":[],"product_cat":[54],"product_tag":[],"class_list":{"0":"post-7124","1":"product","2":"type-product","3":"status-publish","4":"has-post-thumbnail","6":"product_cat-consumable-and-medical-care","8":"first","9":"instock","10":"shipping-taxable","11":"product-type-simple"},"_links":{"self":[{"href":"https:\/\/conmedicgroupe.com\/v1\/wp-json\/wp\/v2\/product\/7124","targetHints":{"allow":["GET"]}}],"collection":[{"href":"https:\/\/conmedicgroupe.com\/v1\/wp-json\/wp\/v2\/product"}],"about":[{"href":"https:\/\/conmedicgroupe.com\/v1\/wp-json\/wp\/v2\/types\/product"}],"replies":[{"embeddable":true,"href":"https:\/\/conmedicgroupe.com\/v1\/wp-json\/wp\/v2\/comments?post=7124"}],"wp:featuredmedia":[{"embeddable":true,"href":"https:\/\/conmedicgroupe.com\/v1\/wp-json\/wp\/v2\/media\/7127"}],"wp:attachment":[{"href":"https:\/\/conmedicgroupe.com\/v1\/wp-json\/wp\/v2\/media?parent=7124"}],"wp:term":[{"taxonomy":"product_cat","embeddable":true,"href":"https:\/\/conmedicgroupe.com\/v1\/wp-json\/wp\/v2\/product_cat?post=7124"},{"taxonomy":"product_tag","embeddable":true,"href":"https:\/\/conmedicgroupe.com\/v1\/wp-json\/wp\/v2\/product_tag?post=7124"}],"curies":[{"name":"wp","href":"https:\/\/api.w.org\/{rel}","templated":true}]}}