{"id":7171,"date":"2025-05-28T10:53:42","date_gmt":"2025-05-28T10:53:42","guid":{"rendered":"https:\/\/conmedicgroupe.com\/v1\/?post_type=product&#038;p=7171"},"modified":"2025-05-28T11:52:50","modified_gmt":"2025-05-28T11:52:50","slug":"ffp2-mask","status":"publish","type":"product","link":"https:\/\/conmedicgroupe.com\/v1\/product\/ffp2-mask\/","title":{"rendered":"&#8211; FFP2 mask"},"content":{"rendered":"<section class=\"ffp2-mask\" style=\"font-family: Arial, sans-serif; padding: 20px; background-color: #fdfdfd;\">\n<div class=\"container\" style=\"max-width: 1200px; margin: auto;\">\n<h2 style=\"color: #005c73;\">Masque FFP2 &#8211; EN 149<\/h2>\n<div class=\"description-tech\" style=\"display: flex; flex-wrap: wrap; gap: 30px;\">\n<div class=\"description\" style=\"flex: 1; min-width: 300px;\">\n<h3>Description<\/h3>\n<p>\u2022 Masque filtrant pour le but de prot\u00e9ger le porteurs contre les risques d&#8217;inhalation d&#8217;agents infectieux transmissibles par voie a\u00e9rienne. Il le prot\u00e8ge aussi contre le risque de transmission par gouttelettes.<\/p>\n<\/div>\n<div class=\"caracteristiques\" style=\"flex: 1; min-width: 300px;\">\n<h3>Caract\u00e9ristiques techniques<\/h3>\n<ul>\n<li><strong>Mat\u00e9riaux :<\/strong> Couches de fibres non tiss\u00e9es en polypropyl\u00e8ne<\/li>\n<li>Couches de confort et d\u2019\u00e9tanch\u00e9it\u00e9 sous barrette nasale en polypropyl\u00e8ne<\/li>\n<li>Sans fibre de verre et sans Latex<\/li>\n<li><strong>Performance :<\/strong> La fuite totale vers l\u2019int\u00e9rieur se situe entre 8 % et 11 % en fonction du taux de fuite de la soupape expiratoire (s\u2019il elle existe) et garantit une \u00e9tanch\u00e9it\u00e9 optimale.<\/li>\n<li>Au minimum 94% des contaminants sont filtr\u00e9s \u00e0 partir de l\u2019air inhal\u00e9.<\/li>\n<li><strong>VLEP :<\/strong> Valeur limite d\u2019exposition aspir\u00e9 (VLEP = Valeur Limite d\u2019Exposition (VLE) contre les poussi\u00e8res fines et toxiques, fum\u00e9es ou a\u00e9rosols \u00e0 base d\u2019eau ou d\u2019huile).<\/li>\n<li><strong>Conformit\u00e9 :<\/strong> Conforme \u00e0 la norme EN149 sur les exigences de la protection FFP.<\/li>\n<li><strong>Entretien :<\/strong> Pas d\u2019entretien, masque \u00e0 usage unique.<\/li>\n<\/ul>\n<p><strong>R\u00e9f\u00e9rence<\/strong><br \/>\n\u2022 PFMAFFPSV01<br \/>\n\u2022 PFMAFFPAV01<\/p>\n<\/div>\n<\/div>\n<div class=\"instructions\" style=\"display: flex; flex-wrap: wrap; gap: 30px; margin-top: 30px;\">\n<div class=\"col\" style=\"flex: 1; min-width: 300px;\">\n<h3>Pr\u00e9cautions<\/h3>\n<ul>\n<li>Assurez-vous que le masque couvre le nez, la bouche et le menton<\/li>\n<li>Ne portez pas de masque endommag\u00e9 ou us\u00e9.<\/li>\n<li>Changez r\u00e9guli\u00e8rement de masque selon les recommandations du fabricant.<\/li>\n<li>\u00c9vitez de toucher la partie avant du masque.<\/li>\n<li>Lavez-vous les mains avant et apr\u00e8s avoir manipul\u00e9 le masque.<\/li>\n<li>Ne portez pas le masque sous le nez ou le menton.<\/li>\n<li>\u00c9vitez de toucher le masque pendant son utilisation.<\/li>\n<\/ul>\n<\/div>\n<div class=\"col\" style=\"flex: 1; min-width: 300px;\">\n<h3>Mode d&#8217;utilisation<\/h3>\n<ul>\n<li>Inspectez le masque pour v\u00e9rifier qu&#8217;il est propre et intact.<\/li>\n<li>Lavez-vous les mains.<\/li>\n<li>Placez le masque sur votre visage, en couvrant le nez, la bouche et le menton.<\/li>\n<li>Ajustez la barrette nasale et assurez-vous qu\u2019il est bien ajust\u00e9.<\/li>\n<li>\u00c9vitez de toucher le masque pendant son utilisation.<\/li>\n<li>Retirez le masque en saisissant les sangles ou les boucles d&#8217;oreilles.<\/li>\n<li>Jetez le masque usag\u00e9 dans une poubelle ferm\u00e9e.<\/li>\n<li>Lavez-vous \u00e0 nouveau les mains.<\/li>\n<\/ul>\n<h3>Conditions de conservation<\/h3>\n<ul>\n<li>Ranger les masques dans leur emballage d\u2019origine \u00e0 l\u2019abri de la lumi\u00e8re et des produits chimiques. Ils doivent \u00eatre stock\u00e9s dans un lieu dont la temp\u00e9rature doit \u00eatre entre 2\u00b0C et 55\u00b0C.<\/li>\n<li>L\u2019humidit\u00e9 maximum ne doit pas d\u00e9passer 75%.<\/li>\n<\/ul>\n<\/div>\n<\/div>\n<div style=\"text-align: center; margin-top: 40px;\"><a style=\"padding: 12px 24px; background-color: #005c73; color: white; border-radius: 6px; text-decoration: none; font-weight: bold;\" href=\"https:\/\/conmedicgroupe.com\/v1\/wp-content\/uploads\/2025\/05\/FFP2.pdf\">\ud83d\udcc4 T\u00e9l\u00e9charger la fiche technique<\/a><\/div>\n<\/div>\n<\/section>\n<style>\n  @media (max-width: 768px) {<br \/>\n    .description-tech, .instructions {<br \/>\n      flex-direction: column;<br \/>\n    }<br \/>\n  }<br \/>\n<\/style>\n","protected":false},"excerpt":{"rendered":"<h2>FFP2 mask<\/h2>\n<p>FFP2 mask designed to protect against airborne infectious agents and droplets. Offers \u226594% filtration efficiency, comfortable fit with adjustable nose clip, and is made in Morocco. Single-use only.<\/p>\n<p>&nbsp;<\/p>\n<p>&nbsp;<\/p>\n","protected":false},"featured_media":7172,"comment_status":"open","ping_status":"closed","template":"","meta":[],"product_cat":[54],"product_tag":[],"class_list":{"0":"post-7171","1":"product","2":"type-product","3":"status-publish","4":"has-post-thumbnail","6":"product_cat-consumable-and-medical-care","8":"first","9":"instock","10":"shipping-taxable","11":"product-type-simple"},"_links":{"self":[{"href":"https:\/\/conmedicgroupe.com\/v1\/wp-json\/wp\/v2\/product\/7171","targetHints":{"allow":["GET"]}}],"collection":[{"href":"https:\/\/conmedicgroupe.com\/v1\/wp-json\/wp\/v2\/product"}],"about":[{"href":"https:\/\/conmedicgroupe.com\/v1\/wp-json\/wp\/v2\/types\/product"}],"replies":[{"embeddable":true,"href":"https:\/\/conmedicgroupe.com\/v1\/wp-json\/wp\/v2\/comments?post=7171"}],"wp:featuredmedia":[{"embeddable":true,"href":"https:\/\/conmedicgroupe.com\/v1\/wp-json\/wp\/v2\/media\/7172"}],"wp:attachment":[{"href":"https:\/\/conmedicgroupe.com\/v1\/wp-json\/wp\/v2\/media?parent=7171"}],"wp:term":[{"taxonomy":"product_cat","embeddable":true,"href":"https:\/\/conmedicgroupe.com\/v1\/wp-json\/wp\/v2\/product_cat?post=7171"},{"taxonomy":"product_tag","embeddable":true,"href":"https:\/\/conmedicgroupe.com\/v1\/wp-json\/wp\/v2\/product_tag?post=7171"}],"curies":[{"name":"wp","href":"https:\/\/api.w.org\/{rel}","templated":true}]}}